{"id":3351,"date":"2025-05-30T14:46:47","date_gmt":"2025-05-30T14:46:47","guid":{"rendered":"https:\/\/algarvestudiosrentals.pt\/?post_type=product&#038;p=3351"},"modified":"2026-02-19T15:47:03","modified_gmt":"2026-02-19T15:47:03","slug":"pack-estudio","status":"publish","type":"product","link":"https:\/\/algarvestudiosrentals.pt\/en\/product\/pack-estudio\/","title":{"rendered":"Pack Est\u00fadio"},"content":{"rendered":"<p><img fetchpriority=\"high\" decoding=\"async\" class=\"alignnone size-medium wp-image-500\" src=\"https:\/\/algarvestudiosrentals.pt\/wp-content\/uploads\/2024\/08\/Algarve-Studios_Rent-Space-4-scaled-1-300x200.webp\" alt=\"\" width=\"300\" height=\"200\" \/><img decoding=\"async\" class=\"alignnone size-medium wp-image-105\" src=\"https:\/\/algarvestudiosrentals.pt\/wp-content\/uploads\/2024\/07\/Algarve-Studios_Rent-Space-2-300x200.jpg\" alt=\"\" width=\"300\" height=\"200\" \/><img decoding=\"async\" class=\"alignnone size-medium wp-image-499\" src=\"https:\/\/algarvestudiosrentals.pt\/wp-content\/uploads\/2024\/08\/Algarve-Studios_Rent-Space-3-scaled-1-300x200.jpg\" alt=\"\" width=\"300\" height=\"200\" srcset=\"https:\/\/algarvestudiosrentals.pt\/wp-content\/uploads\/2024\/08\/Algarve-Studios_Rent-Space-3-scaled-1-300x200.jpg 300w, https:\/\/algarvestudiosrentals.pt\/wp-content\/uploads\/2024\/08\/Algarve-Studios_Rent-Space-3-scaled-1-600x400.jpg 600w, https:\/\/algarvestudiosrentals.pt\/wp-content\/uploads\/2024\/08\/Algarve-Studios_Rent-Space-3-scaled-1-1024x683.jpg 1024w, https:\/\/algarvestudiosrentals.pt\/wp-content\/uploads\/2024\/08\/Algarve-Studios_Rent-Space-3-scaled-1-768x512.jpg 768w, https:\/\/algarvestudiosrentals.pt\/wp-content\/uploads\/2024\/08\/Algarve-Studios_Rent-Space-3-scaled-1-1536x1024.jpg 1536w, https:\/\/algarvestudiosrentals.pt\/wp-content\/uploads\/2024\/08\/Algarve-Studios_Rent-Space-3-scaled-1-2048x1366.jpg 2048w\" sizes=\"(max-width: 300px) 100vw, 300px\" \/><img loading=\"lazy\" decoding=\"async\" class=\"alignnone size-medium wp-image-501\" src=\"https:\/\/algarvestudiosrentals.pt\/wp-content\/uploads\/2024\/08\/Algarve-Studios_Rent-Space-0-scaled-1-300x200.jpg\" alt=\"\" width=\"300\" height=\"200\" srcset=\"https:\/\/algarvestudiosrentals.pt\/wp-content\/uploads\/2024\/08\/Algarve-Studios_Rent-Space-0-scaled-1-300x200.jpg 300w, https:\/\/algarvestudiosrentals.pt\/wp-content\/uploads\/2024\/08\/Algarve-Studios_Rent-Space-0-scaled-1-600x400.jpg 600w, https:\/\/algarvestudiosrentals.pt\/wp-content\/uploads\/2024\/08\/Algarve-Studios_Rent-Space-0-scaled-1-1024x683.jpg 1024w, https:\/\/algarvestudiosrentals.pt\/wp-content\/uploads\/2024\/08\/Algarve-Studios_Rent-Space-0-scaled-1-768x512.jpg 768w, https:\/\/algarvestudiosrentals.pt\/wp-content\/uploads\/2024\/08\/Algarve-Studios_Rent-Space-0-scaled-1-1536x1024.jpg 1536w, https:\/\/algarvestudiosrentals.pt\/wp-content\/uploads\/2024\/08\/Algarve-Studios_Rent-Space-0-scaled-1-2048x1366.jpg 2048w\" sizes=\"(max-width: 300px) 100vw, 300px\" \/><img loading=\"lazy\" decoding=\"async\" class=\"alignnone size-medium wp-image-503\" src=\"https:\/\/algarvestudiosrentals.pt\/wp-content\/uploads\/2024\/08\/home-algarve-studios-1-210x300.jpg\" alt=\"\" width=\"210\" height=\"300\" srcset=\"https:\/\/algarvestudiosrentals.pt\/wp-content\/uploads\/2024\/08\/home-algarve-studios-1-210x300.jpg 210w, https:\/\/algarvestudiosrentals.pt\/wp-content\/uploads\/2024\/08\/home-algarve-studios-1-600x857.jpg 600w, https:\/\/algarvestudiosrentals.pt\/wp-content\/uploads\/2024\/08\/home-algarve-studios-1-717x1024.jpg 717w, https:\/\/algarvestudiosrentals.pt\/wp-content\/uploads\/2024\/08\/home-algarve-studios-1-768x1097.jpg 768w, https:\/\/algarvestudiosrentals.pt\/wp-content\/uploads\/2024\/08\/home-algarve-studios-1-1075x1536.jpg 1075w, https:\/\/algarvestudiosrentals.pt\/wp-content\/uploads\/2024\/08\/home-algarve-studios-1.jpg 1404w\" sizes=\"(max-width: 210px) 100vw, 210px\" \/><\/p>","protected":false},"excerpt":{"rendered":"<div class=\"header\"><span class=\"subtitle\">Perfeito para quem precisa do espa\u00e7o ideal para capta\u00e7\u00e3o, mas traz a tralha toda de casa.<\/span><\/div>","protected":false},"featured_media":0,"comment_status":"open","ping_status":"closed","template":"","meta":{"_acf_changed":false,"_mo_disable_npp":""},"product_brand":[],"product_cat":[26,123],"product_tag":[],"class_list":{"0":"post-3351","1":"product","2":"type-product","3":"status-publish","5":"product_cat-parent-espacos","6":"product_cat-child-para-videografos-fotografos","8":"first","9":"instock","10":"sold-individually","11":"taxable","12":"shipping-taxable","13":"purchasable","14":"product-type-phive_booking"},"acf":[],"_links":{"self":[{"href":"https:\/\/algarvestudiosrentals.pt\/en\/wp-json\/wp\/v2\/product\/3351","targetHints":{"allow":["GET"]}}],"collection":[{"href":"https:\/\/algarvestudiosrentals.pt\/en\/wp-json\/wp\/v2\/product"}],"about":[{"href":"https:\/\/algarvestudiosrentals.pt\/en\/wp-json\/wp\/v2\/types\/product"}],"replies":[{"embeddable":true,"href":"https:\/\/algarvestudiosrentals.pt\/en\/wp-json\/wp\/v2\/comments?post=3351"}],"wp:attachment":[{"href":"https:\/\/algarvestudiosrentals.pt\/en\/wp-json\/wp\/v2\/media?parent=3351"}],"wp:term":[{"taxonomy":"product_brand","embeddable":true,"href":"https:\/\/algarvestudiosrentals.pt\/en\/wp-json\/wp\/v2\/product_brand?post=3351"},{"taxonomy":"product_cat","embeddable":true,"href":"https:\/\/algarvestudiosrentals.pt\/en\/wp-json\/wp\/v2\/product_cat?post=3351"},{"taxonomy":"product_tag","embeddable":true,"href":"https:\/\/algarvestudiosrentals.pt\/en\/wp-json\/wp\/v2\/product_tag?post=3351"}],"curies":[{"name":"wp","href":"https:\/\/api.w.org\/{rel}","templated":true}]}}