{"id":3352,"date":"2025-05-30T14:49:36","date_gmt":"2025-05-30T14:49:36","guid":{"rendered":"https:\/\/algarvestudiosrentals.pt\/?post_type=product&#038;p=3352"},"modified":"2026-02-19T15:46:21","modified_gmt":"2026-02-19T15:46:21","slug":"pack-iluminacao","status":"publish","type":"product","link":"https:\/\/algarvestudiosrentals.pt\/en\/product\/pack-iluminacao\/","title":{"rendered":"Pack Ilumina\u00e7\u00e3o"},"content":{"rendered":"<p><img fetchpriority=\"high\" decoding=\"async\" class=\"alignnone size-medium wp-image-2158\" src=\"https:\/\/algarvestudiosrentals.pt\/wp-content\/uploads\/2024\/10\/Algarve-Studios_Meeting-Space-2-scaled-1-300x300.avif\" alt=\"\" width=\"300\" height=\"300\" \/> <img decoding=\"async\" class=\"alignnone size-medium wp-image-2102\" src=\"https:\/\/algarvestudiosrentals.pt\/wp-content\/uploads\/2025\/02\/comunidade-4-240x300.avif\" alt=\"\" width=\"240\" height=\"300\" srcset=\"https:\/\/algarvestudiosrentals.pt\/wp-content\/uploads\/2025\/02\/comunidade-4-240x300.avif 240w, https:\/\/algarvestudiosrentals.pt\/wp-content\/uploads\/2025\/02\/comunidade-4-600x750.avif 600w, https:\/\/algarvestudiosrentals.pt\/wp-content\/uploads\/2025\/02\/comunidade-4-819x1024.avif 819w, https:\/\/algarvestudiosrentals.pt\/wp-content\/uploads\/2025\/02\/comunidade-4-768x960.avif 768w, https:\/\/algarvestudiosrentals.pt\/wp-content\/uploads\/2025\/02\/comunidade-4-1229x1536.avif 1229w, https:\/\/algarvestudiosrentals.pt\/wp-content\/uploads\/2025\/02\/comunidade-4.avif 1440w\" sizes=\"(max-width: 240px) 100vw, 240px\" \/> <img decoding=\"async\" class=\"alignnone size-medium wp-image-2101\" src=\"https:\/\/algarvestudiosrentals.pt\/wp-content\/uploads\/2025\/02\/comunidade-3-240x300.avif\" alt=\"\" width=\"240\" height=\"300\" srcset=\"https:\/\/algarvestudiosrentals.pt\/wp-content\/uploads\/2025\/02\/comunidade-3-240x300.avif 240w, https:\/\/algarvestudiosrentals.pt\/wp-content\/uploads\/2025\/02\/comunidade-3-600x750.avif 600w, https:\/\/algarvestudiosrentals.pt\/wp-content\/uploads\/2025\/02\/comunidade-3-819x1024.avif 819w, https:\/\/algarvestudiosrentals.pt\/wp-content\/uploads\/2025\/02\/comunidade-3-768x960.avif 768w, https:\/\/algarvestudiosrentals.pt\/wp-content\/uploads\/2025\/02\/comunidade-3.avif 960w\" sizes=\"(max-width: 240px) 100vw, 240px\" \/><\/p>","protected":false},"excerpt":{"rendered":"<p>Ideal para quem tem c\u00e2mara pr\u00f3pria, mas trabalharia \u00e0s escuras.<\/p>","protected":false},"featured_media":0,"comment_status":"open","ping_status":"closed","template":"","meta":{"_acf_changed":false,"_mo_disable_npp":""},"product_brand":[],"product_cat":[26,123],"product_tag":[],"class_list":{"0":"post-3352","1":"product","2":"type-product","3":"status-publish","5":"product_cat-parent-espacos","6":"product_cat-child-para-videografos-fotografos","8":"first","9":"instock","10":"sold-individually","11":"taxable","12":"shipping-taxable","13":"purchasable","14":"product-type-phive_booking"},"acf":[],"_links":{"self":[{"href":"https:\/\/algarvestudiosrentals.pt\/en\/wp-json\/wp\/v2\/product\/3352","targetHints":{"allow":["GET"]}}],"collection":[{"href":"https:\/\/algarvestudiosrentals.pt\/en\/wp-json\/wp\/v2\/product"}],"about":[{"href":"https:\/\/algarvestudiosrentals.pt\/en\/wp-json\/wp\/v2\/types\/product"}],"replies":[{"embeddable":true,"href":"https:\/\/algarvestudiosrentals.pt\/en\/wp-json\/wp\/v2\/comments?post=3352"}],"wp:attachment":[{"href":"https:\/\/algarvestudiosrentals.pt\/en\/wp-json\/wp\/v2\/media?parent=3352"}],"wp:term":[{"taxonomy":"product_brand","embeddable":true,"href":"https:\/\/algarvestudiosrentals.pt\/en\/wp-json\/wp\/v2\/product_brand?post=3352"},{"taxonomy":"product_cat","embeddable":true,"href":"https:\/\/algarvestudiosrentals.pt\/en\/wp-json\/wp\/v2\/product_cat?post=3352"},{"taxonomy":"product_tag","embeddable":true,"href":"https:\/\/algarvestudiosrentals.pt\/en\/wp-json\/wp\/v2\/product_tag?post=3352"}],"curies":[{"name":"wp","href":"https:\/\/api.w.org\/{rel}","templated":true}]}}