{"id":3696,"date":"2025-06-16T14:49:49","date_gmt":"2025-06-16T14:49:49","guid":{"rendered":"https:\/\/algarvestudiosrentals.pt\/?post_type=product&#038;p=3696"},"modified":"2025-06-25T13:38:02","modified_gmt":"2025-06-25T13:38:02","slug":"sony-24-105mm-f-4-e-mount","status":"publish","type":"product","link":"https:\/\/algarvestudiosrentals.pt\/en\/product\/sony-24-105mm-f-4-e-mount\/","title":{"rendered":"Sony 24-105mm f\/4 E-mount"},"content":{"rendered":"<p><img fetchpriority=\"high\" decoding=\"async\" class=\"alignnone size-medium wp-image-3697\" src=\"https:\/\/algarvestudiosrentals.pt\/wp-content\/uploads\/2025\/06\/sony-24-105mm-emount-5-300x300.avif\" alt=\"\" width=\"300\" height=\"300\" srcset=\"https:\/\/algarvestudiosrentals.pt\/wp-content\/uploads\/2025\/06\/sony-24-105mm-emount-5-300x300.avif 300w, https:\/\/algarvestudiosrentals.pt\/wp-content\/uploads\/2025\/06\/sony-24-105mm-emount-5-1024x1024.avif 1024w, https:\/\/algarvestudiosrentals.pt\/wp-content\/uploads\/2025\/06\/sony-24-105mm-emount-5-150x150.avif 150w, https:\/\/algarvestudiosrentals.pt\/wp-content\/uploads\/2025\/06\/sony-24-105mm-emount-5-768x768.avif 768w, https:\/\/algarvestudiosrentals.pt\/wp-content\/uploads\/2025\/06\/sony-24-105mm-emount-5-1536x1536.avif 1536w, https:\/\/algarvestudiosrentals.pt\/wp-content\/uploads\/2025\/06\/sony-24-105mm-emount-5-12x12.avif 12w, https:\/\/algarvestudiosrentals.pt\/wp-content\/uploads\/2025\/06\/sony-24-105mm-emount-5-650x650.avif 650w, https:\/\/algarvestudiosrentals.pt\/wp-content\/uploads\/2025\/06\/sony-24-105mm-emount-5-1300x1300.avif 1300w, https:\/\/algarvestudiosrentals.pt\/wp-content\/uploads\/2025\/06\/sony-24-105mm-emount-5-600x600.avif 600w, https:\/\/algarvestudiosrentals.pt\/wp-content\/uploads\/2025\/06\/sony-24-105mm-emount-5-100x100.avif 100w, https:\/\/algarvestudiosrentals.pt\/wp-content\/uploads\/2025\/06\/sony-24-105mm-emount-5.avif 2000w\" sizes=\"(max-width: 300px) 100vw, 300px\" \/> <img decoding=\"async\" class=\"alignnone size-medium wp-image-3698\" src=\"https:\/\/algarvestudiosrentals.pt\/wp-content\/uploads\/2025\/06\/sony-24-105mm-emount-4-300x300.avif\" alt=\"\" width=\"300\" height=\"300\" srcset=\"https:\/\/algarvestudiosrentals.pt\/wp-content\/uploads\/2025\/06\/sony-24-105mm-emount-4-300x300.avif 300w, https:\/\/algarvestudiosrentals.pt\/wp-content\/uploads\/2025\/06\/sony-24-105mm-emount-4-1024x1024.avif 1024w, https:\/\/algarvestudiosrentals.pt\/wp-content\/uploads\/2025\/06\/sony-24-105mm-emount-4-150x150.avif 150w, https:\/\/algarvestudiosrentals.pt\/wp-content\/uploads\/2025\/06\/sony-24-105mm-emount-4-768x768.avif 768w, https:\/\/algarvestudiosrentals.pt\/wp-content\/uploads\/2025\/06\/sony-24-105mm-emount-4-1536x1536.avif 1536w, https:\/\/algarvestudiosrentals.pt\/wp-content\/uploads\/2025\/06\/sony-24-105mm-emount-4-12x12.avif 12w, https:\/\/algarvestudiosrentals.pt\/wp-content\/uploads\/2025\/06\/sony-24-105mm-emount-4-650x650.avif 650w, https:\/\/algarvestudiosrentals.pt\/wp-content\/uploads\/2025\/06\/sony-24-105mm-emount-4-1300x1300.avif 1300w, https:\/\/algarvestudiosrentals.pt\/wp-content\/uploads\/2025\/06\/sony-24-105mm-emount-4-600x600.avif 600w, https:\/\/algarvestudiosrentals.pt\/wp-content\/uploads\/2025\/06\/sony-24-105mm-emount-4-100x100.avif 100w, https:\/\/algarvestudiosrentals.pt\/wp-content\/uploads\/2025\/06\/sony-24-105mm-emount-4.avif 2000w\" sizes=\"(max-width: 300px) 100vw, 300px\" \/> <img decoding=\"async\" class=\"alignnone size-medium wp-image-3699\" src=\"https:\/\/algarvestudiosrentals.pt\/wp-content\/uploads\/2025\/06\/sony-24-105mm-emount-3-300x300.avif\" alt=\"\" width=\"300\" height=\"300\" srcset=\"https:\/\/algarvestudiosrentals.pt\/wp-content\/uploads\/2025\/06\/sony-24-105mm-emount-3-300x300.avif 300w, https:\/\/algarvestudiosrentals.pt\/wp-content\/uploads\/2025\/06\/sony-24-105mm-emount-3-1024x1024.avif 1024w, https:\/\/algarvestudiosrentals.pt\/wp-content\/uploads\/2025\/06\/sony-24-105mm-emount-3-150x150.avif 150w, https:\/\/algarvestudiosrentals.pt\/wp-content\/uploads\/2025\/06\/sony-24-105mm-emount-3-768x768.avif 768w, https:\/\/algarvestudiosrentals.pt\/wp-content\/uploads\/2025\/06\/sony-24-105mm-emount-3-1536x1536.avif 1536w, https:\/\/algarvestudiosrentals.pt\/wp-content\/uploads\/2025\/06\/sony-24-105mm-emount-3-12x12.avif 12w, https:\/\/algarvestudiosrentals.pt\/wp-content\/uploads\/2025\/06\/sony-24-105mm-emount-3-650x650.avif 650w, https:\/\/algarvestudiosrentals.pt\/wp-content\/uploads\/2025\/06\/sony-24-105mm-emount-3-1300x1300.avif 1300w, https:\/\/algarvestudiosrentals.pt\/wp-content\/uploads\/2025\/06\/sony-24-105mm-emount-3-600x600.avif 600w, https:\/\/algarvestudiosrentals.pt\/wp-content\/uploads\/2025\/06\/sony-24-105mm-emount-3-100x100.avif 100w, https:\/\/algarvestudiosrentals.pt\/wp-content\/uploads\/2025\/06\/sony-24-105mm-emount-3.avif 2000w\" sizes=\"(max-width: 300px) 100vw, 300px\" \/> <img loading=\"lazy\" decoding=\"async\" class=\"alignnone size-medium wp-image-3700\" src=\"https:\/\/algarvestudiosrentals.pt\/wp-content\/uploads\/2025\/06\/sony-24-105mm-emount-2-300x300.avif\" alt=\"\" width=\"300\" height=\"300\" srcset=\"https:\/\/algarvestudiosrentals.pt\/wp-content\/uploads\/2025\/06\/sony-24-105mm-emount-2-300x300.avif 300w, https:\/\/algarvestudiosrentals.pt\/wp-content\/uploads\/2025\/06\/sony-24-105mm-emount-2-1024x1024.avif 1024w, https:\/\/algarvestudiosrentals.pt\/wp-content\/uploads\/2025\/06\/sony-24-105mm-emount-2-150x150.avif 150w, https:\/\/algarvestudiosrentals.pt\/wp-content\/uploads\/2025\/06\/sony-24-105mm-emount-2-768x768.avif 768w, https:\/\/algarvestudiosrentals.pt\/wp-content\/uploads\/2025\/06\/sony-24-105mm-emount-2-1536x1536.avif 1536w, https:\/\/algarvestudiosrentals.pt\/wp-content\/uploads\/2025\/06\/sony-24-105mm-emount-2-12x12.avif 12w, https:\/\/algarvestudiosrentals.pt\/wp-content\/uploads\/2025\/06\/sony-24-105mm-emount-2-650x650.avif 650w, https:\/\/algarvestudiosrentals.pt\/wp-content\/uploads\/2025\/06\/sony-24-105mm-emount-2-1300x1300.avif 1300w, https:\/\/algarvestudiosrentals.pt\/wp-content\/uploads\/2025\/06\/sony-24-105mm-emount-2-600x600.avif 600w, https:\/\/algarvestudiosrentals.pt\/wp-content\/uploads\/2025\/06\/sony-24-105mm-emount-2-100x100.avif 100w, https:\/\/algarvestudiosrentals.pt\/wp-content\/uploads\/2025\/06\/sony-24-105mm-emount-2.avif 2000w\" sizes=\"(max-width: 300px) 100vw, 300px\" \/> <img loading=\"lazy\" decoding=\"async\" class=\"alignnone size-medium wp-image-3701\" src=\"https:\/\/algarvestudiosrentals.pt\/wp-content\/uploads\/2025\/06\/sony-24-105mm-emount-1-300x300.avif\" alt=\"\" width=\"300\" height=\"300\" srcset=\"https:\/\/algarvestudiosrentals.pt\/wp-content\/uploads\/2025\/06\/sony-24-105mm-emount-1-300x300.avif 300w, https:\/\/algarvestudiosrentals.pt\/wp-content\/uploads\/2025\/06\/sony-24-105mm-emount-1-1024x1024.avif 1024w, https:\/\/algarvestudiosrentals.pt\/wp-content\/uploads\/2025\/06\/sony-24-105mm-emount-1-150x150.avif 150w, https:\/\/algarvestudiosrentals.pt\/wp-content\/uploads\/2025\/06\/sony-24-105mm-emount-1-768x768.avif 768w, https:\/\/algarvestudiosrentals.pt\/wp-content\/uploads\/2025\/06\/sony-24-105mm-emount-1-1536x1536.avif 1536w, https:\/\/algarvestudiosrentals.pt\/wp-content\/uploads\/2025\/06\/sony-24-105mm-emount-1-12x12.avif 12w, https:\/\/algarvestudiosrentals.pt\/wp-content\/uploads\/2025\/06\/sony-24-105mm-emount-1-650x650.avif 650w, https:\/\/algarvestudiosrentals.pt\/wp-content\/uploads\/2025\/06\/sony-24-105mm-emount-1-1300x1300.avif 1300w, https:\/\/algarvestudiosrentals.pt\/wp-content\/uploads\/2025\/06\/sony-24-105mm-emount-1-600x600.avif 600w, https:\/\/algarvestudiosrentals.pt\/wp-content\/uploads\/2025\/06\/sony-24-105mm-emount-1-100x100.avif 100w, https:\/\/algarvestudiosrentals.pt\/wp-content\/uploads\/2025\/06\/sony-24-105mm-emount-1.avif 2000w\" sizes=\"(max-width: 300px) 100vw, 300px\" \/><\/p>","protected":false},"excerpt":{"rendered":"<p><span data-sheets-root=\"1\">Vers\u00e1til e de alta performance, a Sony 24-105mm f\/4 \u00e9 a lente ideal para fotos e v\u00eddeos em diversas situa\u00e7\u00f5es \u2013 de paisagens a retratos. Com abertura constante f\/4, estabiliza\u00e7\u00e3o \u00f3ptica e foco autom\u00e1tico r\u00e1pido e silencioso, ela oferece excelente qualidade de imagem em um corpo leve e resistente. <\/span><\/p>","protected":false},"featured_media":3701,"comment_status":"open","ping_status":"closed","template":"","meta":{"_acf_changed":false,"_mo_disable_npp":""},"product_brand":[],"product_cat":[63,65],"product_tag":[],"class_list":{"0":"post-3696","1":"product","2":"type-product","3":"status-publish","4":"has-post-thumbnail","6":"product_cat-parent-imagem","7":"product_cat-child-lentes","9":"first","10":"instock","11":"sold-individually","12":"taxable","13":"shipping-taxable","14":"purchasable","15":"product-type-phive_booking"},"acf":[],"_links":{"self":[{"href":"https:\/\/algarvestudiosrentals.pt\/en\/wp-json\/wp\/v2\/product\/3696","targetHints":{"allow":["GET"]}}],"collection":[{"href":"https:\/\/algarvestudiosrentals.pt\/en\/wp-json\/wp\/v2\/product"}],"about":[{"href":"https:\/\/algarvestudiosrentals.pt\/en\/wp-json\/wp\/v2\/types\/product"}],"replies":[{"embeddable":true,"href":"https:\/\/algarvestudiosrentals.pt\/en\/wp-json\/wp\/v2\/comments?post=3696"}],"wp:featuredmedia":[{"embeddable":true,"href":"https:\/\/algarvestudiosrentals.pt\/en\/wp-json\/wp\/v2\/media\/3701"}],"wp:attachment":[{"href":"https:\/\/algarvestudiosrentals.pt\/en\/wp-json\/wp\/v2\/media?parent=3696"}],"wp:term":[{"taxonomy":"product_brand","embeddable":true,"href":"https:\/\/algarvestudiosrentals.pt\/en\/wp-json\/wp\/v2\/product_brand?post=3696"},{"taxonomy":"product_cat","embeddable":true,"href":"https:\/\/algarvestudiosrentals.pt\/en\/wp-json\/wp\/v2\/product_cat?post=3696"},{"taxonomy":"product_tag","embeddable":true,"href":"https:\/\/algarvestudiosrentals.pt\/en\/wp-json\/wp\/v2\/product_tag?post=3696"}],"curies":[{"name":"wp","href":"https:\/\/api.w.org\/{rel}","templated":true}]}}