{"id":3708,"date":"2025-06-16T14:54:59","date_gmt":"2025-06-16T14:54:59","guid":{"rendered":"https:\/\/algarvestudiosrentals.pt\/?post_type=product&#038;p=3708"},"modified":"2025-06-25T13:37:42","modified_gmt":"2025-06-25T13:37:42","slug":"baterias-sony-np-fz100","status":"publish","type":"product","link":"https:\/\/algarvestudiosrentals.pt\/en\/product\/baterias-sony-np-fz100\/","title":{"rendered":"Baterias Sony NP-FZ100"},"content":{"rendered":"<p><img fetchpriority=\"high\" decoding=\"async\" class=\"alignnone size-medium wp-image-3709\" src=\"https:\/\/algarvestudiosrentals.pt\/wp-content\/uploads\/2025\/06\/sony-np-fz100-300x300.avif\" alt=\"\" width=\"300\" height=\"300\" srcset=\"https:\/\/algarvestudiosrentals.pt\/wp-content\/uploads\/2025\/06\/sony-np-fz100-300x300.avif 300w, https:\/\/algarvestudiosrentals.pt\/wp-content\/uploads\/2025\/06\/sony-np-fz100-1024x1024.avif 1024w, https:\/\/algarvestudiosrentals.pt\/wp-content\/uploads\/2025\/06\/sony-np-fz100-150x150.avif 150w, https:\/\/algarvestudiosrentals.pt\/wp-content\/uploads\/2025\/06\/sony-np-fz100-768x768.avif 768w, https:\/\/algarvestudiosrentals.pt\/wp-content\/uploads\/2025\/06\/sony-np-fz100-12x12.avif 12w, https:\/\/algarvestudiosrentals.pt\/wp-content\/uploads\/2025\/06\/sony-np-fz100-650x650.avif 650w, https:\/\/algarvestudiosrentals.pt\/wp-content\/uploads\/2025\/06\/sony-np-fz100-600x600.avif 600w, https:\/\/algarvestudiosrentals.pt\/wp-content\/uploads\/2025\/06\/sony-np-fz100-100x100.avif 100w, https:\/\/algarvestudiosrentals.pt\/wp-content\/uploads\/2025\/06\/sony-np-fz100.avif 1200w\" sizes=\"(max-width: 300px) 100vw, 300px\" \/><\/p>","protected":false},"excerpt":{"rendered":"<p><span data-sheets-root=\"1\">A bateria recarreg\u00e1vel NP-FZ100 oferece longa dura\u00e7\u00e3o e desempenho confi\u00e1vel para c\u00e2meras Sony. Com alta capacidade (2280mAh), \u00e9 ideal para sess\u00f5es prolongadas de foto e v\u00eddeo.<\/span><\/p>","protected":false},"featured_media":3709,"comment_status":"open","ping_status":"closed","template":"","meta":{"_acf_changed":false,"_mo_disable_npp":""},"product_brand":[],"product_cat":[68,63],"product_tag":[],"class_list":{"0":"post-3708","1":"product","2":"type-product","3":"status-publish","4":"has-post-thumbnail","6":"product_cat-child-baterias","7":"product_cat-parent-imagem","9":"first","10":"instock","11":"sold-individually","12":"taxable","13":"shipping-taxable","14":"purchasable","15":"product-type-phive_booking"},"acf":[],"_links":{"self":[{"href":"https:\/\/algarvestudiosrentals.pt\/en\/wp-json\/wp\/v2\/product\/3708","targetHints":{"allow":["GET"]}}],"collection":[{"href":"https:\/\/algarvestudiosrentals.pt\/en\/wp-json\/wp\/v2\/product"}],"about":[{"href":"https:\/\/algarvestudiosrentals.pt\/en\/wp-json\/wp\/v2\/types\/product"}],"replies":[{"embeddable":true,"href":"https:\/\/algarvestudiosrentals.pt\/en\/wp-json\/wp\/v2\/comments?post=3708"}],"wp:featuredmedia":[{"embeddable":true,"href":"https:\/\/algarvestudiosrentals.pt\/en\/wp-json\/wp\/v2\/media\/3709"}],"wp:attachment":[{"href":"https:\/\/algarvestudiosrentals.pt\/en\/wp-json\/wp\/v2\/media?parent=3708"}],"wp:term":[{"taxonomy":"product_brand","embeddable":true,"href":"https:\/\/algarvestudiosrentals.pt\/en\/wp-json\/wp\/v2\/product_brand?post=3708"},{"taxonomy":"product_cat","embeddable":true,"href":"https:\/\/algarvestudiosrentals.pt\/en\/wp-json\/wp\/v2\/product_cat?post=3708"},{"taxonomy":"product_tag","embeddable":true,"href":"https:\/\/algarvestudiosrentals.pt\/en\/wp-json\/wp\/v2\/product_tag?post=3708"}],"curies":[{"name":"wp","href":"https:\/\/api.w.org\/{rel}","templated":true}]}}