{"id":3710,"date":"2025-06-16T14:58:58","date_gmt":"2025-06-16T14:58:58","guid":{"rendered":"https:\/\/algarvestudiosrentals.pt\/?post_type=product&#038;p=3710"},"modified":"2025-06-25T13:37:27","modified_gmt":"2025-06-25T13:37:27","slug":"dji-ronin-rs4-pro","status":"publish","type":"product","link":"https:\/\/algarvestudiosrentals.pt\/en\/product\/dji-ronin-rs4-pro\/","title":{"rendered":"DJI Ronin RS4 Pro"},"content":{"rendered":"<p><img fetchpriority=\"high\" decoding=\"async\" class=\"alignnone size-medium wp-image-3711\" src=\"https:\/\/algarvestudiosrentals.pt\/wp-content\/uploads\/2025\/06\/dji-ronin-rs4-5-300x300.avif\" alt=\"\" width=\"300\" height=\"300\" srcset=\"https:\/\/algarvestudiosrentals.pt\/wp-content\/uploads\/2025\/06\/dji-ronin-rs4-5-300x300.avif 300w, https:\/\/algarvestudiosrentals.pt\/wp-content\/uploads\/2025\/06\/dji-ronin-rs4-5-1024x1024.avif 1024w, https:\/\/algarvestudiosrentals.pt\/wp-content\/uploads\/2025\/06\/dji-ronin-rs4-5-150x150.avif 150w, https:\/\/algarvestudiosrentals.pt\/wp-content\/uploads\/2025\/06\/dji-ronin-rs4-5-768x768.avif 768w, https:\/\/algarvestudiosrentals.pt\/wp-content\/uploads\/2025\/06\/dji-ronin-rs4-5-1536x1536.avif 1536w, https:\/\/algarvestudiosrentals.pt\/wp-content\/uploads\/2025\/06\/dji-ronin-rs4-5-12x12.avif 12w, https:\/\/algarvestudiosrentals.pt\/wp-content\/uploads\/2025\/06\/dji-ronin-rs4-5-650x650.avif 650w, https:\/\/algarvestudiosrentals.pt\/wp-content\/uploads\/2025\/06\/dji-ronin-rs4-5-1300x1300.avif 1300w, https:\/\/algarvestudiosrentals.pt\/wp-content\/uploads\/2025\/06\/dji-ronin-rs4-5-600x600.avif 600w, https:\/\/algarvestudiosrentals.pt\/wp-content\/uploads\/2025\/06\/dji-ronin-rs4-5-100x100.avif 100w, https:\/\/algarvestudiosrentals.pt\/wp-content\/uploads\/2025\/06\/dji-ronin-rs4-5.avif 2000w\" sizes=\"(max-width: 300px) 100vw, 300px\" \/> <img decoding=\"async\" class=\"alignnone size-medium wp-image-3712\" src=\"https:\/\/algarvestudiosrentals.pt\/wp-content\/uploads\/2025\/06\/dji-ronin-rs4-4-300x300.avif\" alt=\"\" width=\"300\" height=\"300\" srcset=\"https:\/\/algarvestudiosrentals.pt\/wp-content\/uploads\/2025\/06\/dji-ronin-rs4-4-300x300.avif 300w, https:\/\/algarvestudiosrentals.pt\/wp-content\/uploads\/2025\/06\/dji-ronin-rs4-4-1024x1024.avif 1024w, https:\/\/algarvestudiosrentals.pt\/wp-content\/uploads\/2025\/06\/dji-ronin-rs4-4-150x150.avif 150w, https:\/\/algarvestudiosrentals.pt\/wp-content\/uploads\/2025\/06\/dji-ronin-rs4-4-768x768.avif 768w, https:\/\/algarvestudiosrentals.pt\/wp-content\/uploads\/2025\/06\/dji-ronin-rs4-4-1536x1536.avif 1536w, https:\/\/algarvestudiosrentals.pt\/wp-content\/uploads\/2025\/06\/dji-ronin-rs4-4-12x12.avif 12w, https:\/\/algarvestudiosrentals.pt\/wp-content\/uploads\/2025\/06\/dji-ronin-rs4-4-650x650.avif 650w, https:\/\/algarvestudiosrentals.pt\/wp-content\/uploads\/2025\/06\/dji-ronin-rs4-4-1300x1300.avif 1300w, https:\/\/algarvestudiosrentals.pt\/wp-content\/uploads\/2025\/06\/dji-ronin-rs4-4-600x600.avif 600w, https:\/\/algarvestudiosrentals.pt\/wp-content\/uploads\/2025\/06\/dji-ronin-rs4-4-100x100.avif 100w, https:\/\/algarvestudiosrentals.pt\/wp-content\/uploads\/2025\/06\/dji-ronin-rs4-4.avif 2000w\" sizes=\"(max-width: 300px) 100vw, 300px\" \/> <img decoding=\"async\" class=\"alignnone size-medium wp-image-3713\" src=\"https:\/\/algarvestudiosrentals.pt\/wp-content\/uploads\/2025\/06\/dji-ronin-rs4-3-300x300.avif\" alt=\"\" width=\"300\" height=\"300\" srcset=\"https:\/\/algarvestudiosrentals.pt\/wp-content\/uploads\/2025\/06\/dji-ronin-rs4-3-300x300.avif 300w, https:\/\/algarvestudiosrentals.pt\/wp-content\/uploads\/2025\/06\/dji-ronin-rs4-3-1024x1024.avif 1024w, https:\/\/algarvestudiosrentals.pt\/wp-content\/uploads\/2025\/06\/dji-ronin-rs4-3-150x150.avif 150w, https:\/\/algarvestudiosrentals.pt\/wp-content\/uploads\/2025\/06\/dji-ronin-rs4-3-768x768.avif 768w, https:\/\/algarvestudiosrentals.pt\/wp-content\/uploads\/2025\/06\/dji-ronin-rs4-3-1536x1536.avif 1536w, https:\/\/algarvestudiosrentals.pt\/wp-content\/uploads\/2025\/06\/dji-ronin-rs4-3-12x12.avif 12w, https:\/\/algarvestudiosrentals.pt\/wp-content\/uploads\/2025\/06\/dji-ronin-rs4-3-650x650.avif 650w, https:\/\/algarvestudiosrentals.pt\/wp-content\/uploads\/2025\/06\/dji-ronin-rs4-3-1300x1300.avif 1300w, https:\/\/algarvestudiosrentals.pt\/wp-content\/uploads\/2025\/06\/dji-ronin-rs4-3-600x600.avif 600w, https:\/\/algarvestudiosrentals.pt\/wp-content\/uploads\/2025\/06\/dji-ronin-rs4-3-100x100.avif 100w, https:\/\/algarvestudiosrentals.pt\/wp-content\/uploads\/2025\/06\/dji-ronin-rs4-3.avif 2000w\" sizes=\"(max-width: 300px) 100vw, 300px\" \/> <img loading=\"lazy\" decoding=\"async\" class=\"alignnone size-medium wp-image-3714\" src=\"https:\/\/algarvestudiosrentals.pt\/wp-content\/uploads\/2025\/06\/dji-ronin-rs4-2-300x300.avif\" alt=\"\" width=\"300\" height=\"300\" srcset=\"https:\/\/algarvestudiosrentals.pt\/wp-content\/uploads\/2025\/06\/dji-ronin-rs4-2-300x300.avif 300w, https:\/\/algarvestudiosrentals.pt\/wp-content\/uploads\/2025\/06\/dji-ronin-rs4-2-1024x1024.avif 1024w, https:\/\/algarvestudiosrentals.pt\/wp-content\/uploads\/2025\/06\/dji-ronin-rs4-2-150x150.avif 150w, https:\/\/algarvestudiosrentals.pt\/wp-content\/uploads\/2025\/06\/dji-ronin-rs4-2-768x768.avif 768w, https:\/\/algarvestudiosrentals.pt\/wp-content\/uploads\/2025\/06\/dji-ronin-rs4-2-1536x1536.avif 1536w, https:\/\/algarvestudiosrentals.pt\/wp-content\/uploads\/2025\/06\/dji-ronin-rs4-2-12x12.avif 12w, https:\/\/algarvestudiosrentals.pt\/wp-content\/uploads\/2025\/06\/dji-ronin-rs4-2-650x650.avif 650w, https:\/\/algarvestudiosrentals.pt\/wp-content\/uploads\/2025\/06\/dji-ronin-rs4-2-1300x1300.avif 1300w, https:\/\/algarvestudiosrentals.pt\/wp-content\/uploads\/2025\/06\/dji-ronin-rs4-2-600x600.avif 600w, https:\/\/algarvestudiosrentals.pt\/wp-content\/uploads\/2025\/06\/dji-ronin-rs4-2-100x100.avif 100w, https:\/\/algarvestudiosrentals.pt\/wp-content\/uploads\/2025\/06\/dji-ronin-rs4-2.avif 2000w\" sizes=\"(max-width: 300px) 100vw, 300px\" \/> <img loading=\"lazy\" decoding=\"async\" class=\"alignnone size-medium wp-image-3715\" src=\"https:\/\/algarvestudiosrentals.pt\/wp-content\/uploads\/2025\/06\/dji-ronin-rs4-1-300x300.avif\" alt=\"\" width=\"300\" height=\"300\" srcset=\"https:\/\/algarvestudiosrentals.pt\/wp-content\/uploads\/2025\/06\/dji-ronin-rs4-1-300x300.avif 300w, https:\/\/algarvestudiosrentals.pt\/wp-content\/uploads\/2025\/06\/dji-ronin-rs4-1-1024x1024.avif 1024w, https:\/\/algarvestudiosrentals.pt\/wp-content\/uploads\/2025\/06\/dji-ronin-rs4-1-150x150.avif 150w, https:\/\/algarvestudiosrentals.pt\/wp-content\/uploads\/2025\/06\/dji-ronin-rs4-1-768x768.avif 768w, https:\/\/algarvestudiosrentals.pt\/wp-content\/uploads\/2025\/06\/dji-ronin-rs4-1-1536x1536.avif 1536w, https:\/\/algarvestudiosrentals.pt\/wp-content\/uploads\/2025\/06\/dji-ronin-rs4-1-12x12.avif 12w, https:\/\/algarvestudiosrentals.pt\/wp-content\/uploads\/2025\/06\/dji-ronin-rs4-1-650x650.avif 650w, https:\/\/algarvestudiosrentals.pt\/wp-content\/uploads\/2025\/06\/dji-ronin-rs4-1-1300x1300.avif 1300w, https:\/\/algarvestudiosrentals.pt\/wp-content\/uploads\/2025\/06\/dji-ronin-rs4-1-600x600.avif 600w, https:\/\/algarvestudiosrentals.pt\/wp-content\/uploads\/2025\/06\/dji-ronin-rs4-1-100x100.avif 100w, https:\/\/algarvestudiosrentals.pt\/wp-content\/uploads\/2025\/06\/dji-ronin-rs4-1.avif 2000w\" sizes=\"(max-width: 300px) 100vw, 300px\" \/><\/p>","protected":false},"excerpt":{"rendered":"<p><span data-sheets-root=\"1\">O DJI RS 4 Pro \u00e9 um gimbal avan\u00e7ado para c\u00e2meras profissionais, oferecendo estabiliza\u00e7\u00e3o de \u00faltima gera\u00e7\u00e3o, maior capacidade de carga (at\u00e9 4,5 kg) e controle preciso para produ\u00e7\u00f5es exigentes<\/span><\/p>","protected":false},"featured_media":3715,"comment_status":"open","ping_status":"closed","template":"","meta":{"_acf_changed":false,"_mo_disable_npp":""},"product_brand":[],"product_cat":[72,63],"product_tag":[],"class_list":{"0":"post-3710","1":"product","2":"type-product","3":"status-publish","4":"has-post-thumbnail","6":"product_cat-child-estabilizadores","7":"product_cat-parent-imagem","9":"first","10":"instock","11":"sold-individually","12":"taxable","13":"shipping-taxable","14":"purchasable","15":"product-type-phive_booking"},"acf":[],"_links":{"self":[{"href":"https:\/\/algarvestudiosrentals.pt\/en\/wp-json\/wp\/v2\/product\/3710","targetHints":{"allow":["GET"]}}],"collection":[{"href":"https:\/\/algarvestudiosrentals.pt\/en\/wp-json\/wp\/v2\/product"}],"about":[{"href":"https:\/\/algarvestudiosrentals.pt\/en\/wp-json\/wp\/v2\/types\/product"}],"replies":[{"embeddable":true,"href":"https:\/\/algarvestudiosrentals.pt\/en\/wp-json\/wp\/v2\/comments?post=3710"}],"wp:featuredmedia":[{"embeddable":true,"href":"https:\/\/algarvestudiosrentals.pt\/en\/wp-json\/wp\/v2\/media\/3715"}],"wp:attachment":[{"href":"https:\/\/algarvestudiosrentals.pt\/en\/wp-json\/wp\/v2\/media?parent=3710"}],"wp:term":[{"taxonomy":"product_brand","embeddable":true,"href":"https:\/\/algarvestudiosrentals.pt\/en\/wp-json\/wp\/v2\/product_brand?post=3710"},{"taxonomy":"product_cat","embeddable":true,"href":"https:\/\/algarvestudiosrentals.pt\/en\/wp-json\/wp\/v2\/product_cat?post=3710"},{"taxonomy":"product_tag","embeddable":true,"href":"https:\/\/algarvestudiosrentals.pt\/en\/wp-json\/wp\/v2\/product_tag?post=3710"}],"curies":[{"name":"wp","href":"https:\/\/api.w.org\/{rel}","templated":true}]}}