{"id":3716,"date":"2025-06-16T16:13:29","date_gmt":"2025-06-16T16:13:29","guid":{"rendered":"https:\/\/algarvestudiosrentals.pt\/?post_type=product&#038;p=3716"},"modified":"2025-06-25T13:37:17","modified_gmt":"2025-06-25T13:37:17","slug":"trigger-godox-model-sony","status":"publish","type":"product","link":"https:\/\/algarvestudiosrentals.pt\/en\/product\/trigger-godox-model-sony\/","title":{"rendered":"Trigger Godox Model (Sony)"},"content":{"rendered":"<p><img fetchpriority=\"high\" decoding=\"async\" class=\"alignnone size-medium wp-image-3717\" src=\"https:\/\/algarvestudiosrentals.pt\/wp-content\/uploads\/2025\/06\/godox-model-sony-300x300.avif\" alt=\"\" width=\"300\" height=\"300\" srcset=\"https:\/\/algarvestudiosrentals.pt\/wp-content\/uploads\/2025\/06\/godox-model-sony-300x300.avif 300w, https:\/\/algarvestudiosrentals.pt\/wp-content\/uploads\/2025\/06\/godox-model-sony-150x150.avif 150w, https:\/\/algarvestudiosrentals.pt\/wp-content\/uploads\/2025\/06\/godox-model-sony-768x768.avif 768w, https:\/\/algarvestudiosrentals.pt\/wp-content\/uploads\/2025\/06\/godox-model-sony-12x12.avif 12w, https:\/\/algarvestudiosrentals.pt\/wp-content\/uploads\/2025\/06\/godox-model-sony-650x650.avif 650w, https:\/\/algarvestudiosrentals.pt\/wp-content\/uploads\/2025\/06\/godox-model-sony-600x600.avif 600w, https:\/\/algarvestudiosrentals.pt\/wp-content\/uploads\/2025\/06\/godox-model-sony-100x100.avif 100w, https:\/\/algarvestudiosrentals.pt\/wp-content\/uploads\/2025\/06\/godox-model-sony.avif 1000w\" sizes=\"(max-width: 300px) 100vw, 300px\" \/><\/p>","protected":false},"excerpt":{"rendered":"<p><span data-sheets-root=\"1\">Trigger compat\u00edvel com c\u00e2meras Sony, permitindo disparo remoto com total controle. Ideal para fot\u00f3grafos que buscam qualidade e controle criativo nos seus projetos.<\/span><\/p>","protected":false},"featured_media":3717,"comment_status":"open","ping_status":"closed","template":"","meta":{"_acf_changed":false,"_mo_disable_npp":""},"product_brand":[],"product_cat":[75,82],"product_tag":[],"class_list":{"0":"post-3716","1":"product","2":"type-product","3":"status-publish","4":"has-post-thumbnail","6":"product_cat-parent-iluminacao","7":"product_cat-child-triggers","9":"first","10":"instock","11":"sold-individually","12":"taxable","13":"shipping-taxable","14":"purchasable","15":"product-type-phive_booking"},"acf":[],"_links":{"self":[{"href":"https:\/\/algarvestudiosrentals.pt\/en\/wp-json\/wp\/v2\/product\/3716","targetHints":{"allow":["GET"]}}],"collection":[{"href":"https:\/\/algarvestudiosrentals.pt\/en\/wp-json\/wp\/v2\/product"}],"about":[{"href":"https:\/\/algarvestudiosrentals.pt\/en\/wp-json\/wp\/v2\/types\/product"}],"replies":[{"embeddable":true,"href":"https:\/\/algarvestudiosrentals.pt\/en\/wp-json\/wp\/v2\/comments?post=3716"}],"wp:featuredmedia":[{"embeddable":true,"href":"https:\/\/algarvestudiosrentals.pt\/en\/wp-json\/wp\/v2\/media\/3717"}],"wp:attachment":[{"href":"https:\/\/algarvestudiosrentals.pt\/en\/wp-json\/wp\/v2\/media?parent=3716"}],"wp:term":[{"taxonomy":"product_brand","embeddable":true,"href":"https:\/\/algarvestudiosrentals.pt\/en\/wp-json\/wp\/v2\/product_brand?post=3716"},{"taxonomy":"product_cat","embeddable":true,"href":"https:\/\/algarvestudiosrentals.pt\/en\/wp-json\/wp\/v2\/product_cat?post=3716"},{"taxonomy":"product_tag","embeddable":true,"href":"https:\/\/algarvestudiosrentals.pt\/en\/wp-json\/wp\/v2\/product_tag?post=3716"}],"curies":[{"name":"wp","href":"https:\/\/api.w.org\/{rel}","templated":true}]}}