{"id":3723,"date":"2025-06-16T16:22:07","date_gmt":"2025-06-16T16:22:07","guid":{"rendered":"https:\/\/algarvestudiosrentals.pt\/?post_type=product&#038;p=3723"},"modified":"2025-06-25T13:36:59","modified_gmt":"2025-06-25T13:36:59","slug":"dji-mic-2-wireless-2-mic-kit","status":"publish","type":"product","link":"https:\/\/algarvestudiosrentals.pt\/en\/product\/dji-mic-2-wireless-2-mic-kit\/","title":{"rendered":"DJI Mic 2 Wireless &#8211; 2 Mic kit"},"content":{"rendered":"<p><img fetchpriority=\"high\" decoding=\"async\" class=\"alignnone size-medium wp-image-3724\" src=\"https:\/\/algarvestudiosrentals.pt\/wp-content\/uploads\/2025\/06\/dji-mic-2-300x300.avif\" alt=\"\" width=\"300\" height=\"300\" srcset=\"https:\/\/algarvestudiosrentals.pt\/wp-content\/uploads\/2025\/06\/dji-mic-2-300x300.avif 300w, https:\/\/algarvestudiosrentals.pt\/wp-content\/uploads\/2025\/06\/dji-mic-2-1024x1024.avif 1024w, https:\/\/algarvestudiosrentals.pt\/wp-content\/uploads\/2025\/06\/dji-mic-2-150x150.avif 150w, https:\/\/algarvestudiosrentals.pt\/wp-content\/uploads\/2025\/06\/dji-mic-2-768x768.avif 768w, https:\/\/algarvestudiosrentals.pt\/wp-content\/uploads\/2025\/06\/dji-mic-2-12x12.avif 12w, https:\/\/algarvestudiosrentals.pt\/wp-content\/uploads\/2025\/06\/dji-mic-2-650x650.avif 650w, https:\/\/algarvestudiosrentals.pt\/wp-content\/uploads\/2025\/06\/dji-mic-2-1300x1300.avif 1300w, https:\/\/algarvestudiosrentals.pt\/wp-content\/uploads\/2025\/06\/dji-mic-2-600x600.avif 600w, https:\/\/algarvestudiosrentals.pt\/wp-content\/uploads\/2025\/06\/dji-mic-2-100x100.avif 100w, https:\/\/algarvestudiosrentals.pt\/wp-content\/uploads\/2025\/06\/dji-mic-2.avif 1500w\" sizes=\"(max-width: 300px) 100vw, 300px\" \/><\/p>","protected":false},"excerpt":{"rendered":"<p><span data-sheets-root=\"1\">O DJI Mic 2 oferece \u00e1udio sem fio de alta qualidade com dois microfones transmissores e um receptor compacto, ideal para entrevistas, vlogs, podcasts e produ\u00e7\u00e3o de conte\u00fado. Com alcance de at\u00e9 250 metros, capta\u00e7\u00e3o est\u00e9reo, grava\u00e7\u00e3o interna e compatibilidade com c\u00e2meras, smartphones e PCs<\/span><\/p>","protected":false},"featured_media":3724,"comment_status":"open","ping_status":"closed","template":"","meta":{"_acf_changed":false,"_mo_disable_npp":""},"product_brand":[],"product_cat":[85,87],"product_tag":[],"class_list":{"0":"post-3723","1":"product","2":"type-product","3":"status-publish","4":"has-post-thumbnail","6":"product_cat-parent-audio","7":"product_cat-child-micros","9":"first","10":"instock","11":"sold-individually","12":"taxable","13":"shipping-taxable","14":"purchasable","15":"product-type-phive_booking"},"acf":[],"_links":{"self":[{"href":"https:\/\/algarvestudiosrentals.pt\/en\/wp-json\/wp\/v2\/product\/3723","targetHints":{"allow":["GET"]}}],"collection":[{"href":"https:\/\/algarvestudiosrentals.pt\/en\/wp-json\/wp\/v2\/product"}],"about":[{"href":"https:\/\/algarvestudiosrentals.pt\/en\/wp-json\/wp\/v2\/types\/product"}],"replies":[{"embeddable":true,"href":"https:\/\/algarvestudiosrentals.pt\/en\/wp-json\/wp\/v2\/comments?post=3723"}],"wp:featuredmedia":[{"embeddable":true,"href":"https:\/\/algarvestudiosrentals.pt\/en\/wp-json\/wp\/v2\/media\/3724"}],"wp:attachment":[{"href":"https:\/\/algarvestudiosrentals.pt\/en\/wp-json\/wp\/v2\/media?parent=3723"}],"wp:term":[{"taxonomy":"product_brand","embeddable":true,"href":"https:\/\/algarvestudiosrentals.pt\/en\/wp-json\/wp\/v2\/product_brand?post=3723"},{"taxonomy":"product_cat","embeddable":true,"href":"https:\/\/algarvestudiosrentals.pt\/en\/wp-json\/wp\/v2\/product_cat?post=3723"},{"taxonomy":"product_tag","embeddable":true,"href":"https:\/\/algarvestudiosrentals.pt\/en\/wp-json\/wp\/v2\/product_tag?post=3723"}],"curies":[{"name":"wp","href":"https:\/\/api.w.org\/{rel}","templated":true}]}}