{"id":3725,"date":"2025-06-16T16:24:16","date_gmt":"2025-06-16T16:24:16","guid":{"rendered":"https:\/\/algarvestudiosrentals.pt\/?post_type=product&#038;p=3725"},"modified":"2025-06-25T13:36:49","modified_gmt":"2025-06-25T13:36:49","slug":"c-stand-ambiful","status":"publish","type":"product","link":"https:\/\/algarvestudiosrentals.pt\/en\/product\/c-stand-ambiful\/","title":{"rendered":"C-Stand Ambiful"},"content":{"rendered":"<p><img fetchpriority=\"high\" decoding=\"async\" class=\"alignnone size-medium wp-image-3726\" src=\"https:\/\/algarvestudiosrentals.pt\/wp-content\/uploads\/2025\/06\/cstand-ambitful-300x300.webp\" alt=\"\" width=\"300\" height=\"300\" srcset=\"https:\/\/algarvestudiosrentals.pt\/wp-content\/uploads\/2025\/06\/cstand-ambitful-300x300.webp 300w, https:\/\/algarvestudiosrentals.pt\/wp-content\/uploads\/2025\/06\/cstand-ambitful-1024x1024.webp 1024w, https:\/\/algarvestudiosrentals.pt\/wp-content\/uploads\/2025\/06\/cstand-ambitful-150x150.webp 150w, https:\/\/algarvestudiosrentals.pt\/wp-content\/uploads\/2025\/06\/cstand-ambitful-768x768.webp 768w, https:\/\/algarvestudiosrentals.pt\/wp-content\/uploads\/2025\/06\/cstand-ambitful-12x12.webp 12w, https:\/\/algarvestudiosrentals.pt\/wp-content\/uploads\/2025\/06\/cstand-ambitful-650x650.webp 650w, https:\/\/algarvestudiosrentals.pt\/wp-content\/uploads\/2025\/06\/cstand-ambitful-600x600.webp 600w, https:\/\/algarvestudiosrentals.pt\/wp-content\/uploads\/2025\/06\/cstand-ambitful-100x100.webp 100w, https:\/\/algarvestudiosrentals.pt\/wp-content\/uploads\/2025\/06\/cstand-ambitful.webp 1080w\" sizes=\"(max-width: 300px) 100vw, 300px\" \/><\/p>","protected":false},"excerpt":{"rendered":"<p><span data-sheets-root=\"1\">O C-Stand AmbitFul Compact Black \u00e9 um trip\u00e9 de ilumina\u00e7\u00e3o projetado para fot\u00f3grafos e videomakers que buscam estabilidade e praticidade em est\u00fadios ou loca\u00e7\u00f5es. Com altura ajust\u00e1vel de 48 cm a 1,70 m, \u00e9 ideal para suportar softboxes, flashes e outros acess\u00f3rios de ilumina\u00e7\u00e3o. <\/span><\/p>","protected":false},"featured_media":3726,"comment_status":"open","ping_status":"closed","template":"","meta":{"_acf_changed":false,"_mo_disable_npp":""},"product_brand":[],"product_cat":[93,94],"product_tag":[],"class_list":{"0":"post-3725","1":"product","2":"type-product","3":"status-publish","4":"has-post-thumbnail","6":"product_cat-parent-acessorios","7":"product_cat-child-tripes-acessorios","9":"first","10":"instock","11":"sold-individually","12":"taxable","13":"shipping-taxable","14":"purchasable","15":"product-type-phive_booking"},"acf":[],"_links":{"self":[{"href":"https:\/\/algarvestudiosrentals.pt\/en\/wp-json\/wp\/v2\/product\/3725","targetHints":{"allow":["GET"]}}],"collection":[{"href":"https:\/\/algarvestudiosrentals.pt\/en\/wp-json\/wp\/v2\/product"}],"about":[{"href":"https:\/\/algarvestudiosrentals.pt\/en\/wp-json\/wp\/v2\/types\/product"}],"replies":[{"embeddable":true,"href":"https:\/\/algarvestudiosrentals.pt\/en\/wp-json\/wp\/v2\/comments?post=3725"}],"wp:featuredmedia":[{"embeddable":true,"href":"https:\/\/algarvestudiosrentals.pt\/en\/wp-json\/wp\/v2\/media\/3726"}],"wp:attachment":[{"href":"https:\/\/algarvestudiosrentals.pt\/en\/wp-json\/wp\/v2\/media?parent=3725"}],"wp:term":[{"taxonomy":"product_brand","embeddable":true,"href":"https:\/\/algarvestudiosrentals.pt\/en\/wp-json\/wp\/v2\/product_brand?post=3725"},{"taxonomy":"product_cat","embeddable":true,"href":"https:\/\/algarvestudiosrentals.pt\/en\/wp-json\/wp\/v2\/product_cat?post=3725"},{"taxonomy":"product_tag","embeddable":true,"href":"https:\/\/algarvestudiosrentals.pt\/en\/wp-json\/wp\/v2\/product_tag?post=3725"}],"curies":[{"name":"wp","href":"https:\/\/api.w.org\/{rel}","templated":true}]}}