{"id":3727,"date":"2025-06-16T16:26:11","date_gmt":"2025-06-16T16:26:11","guid":{"rendered":"https:\/\/algarvestudiosrentals.pt\/?post_type=product&#038;p=3727"},"modified":"2025-08-26T15:24:08","modified_gmt":"2025-08-26T15:24:08","slug":"extencao-50m","status":"publish","type":"product","link":"https:\/\/algarvestudiosrentals.pt\/en\/product\/extencao-50m\/","title":{"rendered":"Exten\u00e7\u00e3o 50m"},"content":{"rendered":"<p><img fetchpriority=\"high\" decoding=\"async\" class=\"alignnone size-medium wp-image-3728\" src=\"https:\/\/algarvestudiosrentals.pt\/wp-content\/uploads\/2025\/06\/extensao-50m-300x300.avif\" alt=\"\" width=\"300\" height=\"300\" srcset=\"https:\/\/algarvestudiosrentals.pt\/wp-content\/uploads\/2025\/06\/extensao-50m-300x300.avif 300w, https:\/\/algarvestudiosrentals.pt\/wp-content\/uploads\/2025\/06\/extensao-50m-1024x1024.avif 1024w, https:\/\/algarvestudiosrentals.pt\/wp-content\/uploads\/2025\/06\/extensao-50m-150x150.avif 150w, https:\/\/algarvestudiosrentals.pt\/wp-content\/uploads\/2025\/06\/extensao-50m-768x768.avif 768w, https:\/\/algarvestudiosrentals.pt\/wp-content\/uploads\/2025\/06\/extensao-50m-1536x1536.avif 1536w, https:\/\/algarvestudiosrentals.pt\/wp-content\/uploads\/2025\/06\/extensao-50m-12x12.avif 12w, https:\/\/algarvestudiosrentals.pt\/wp-content\/uploads\/2025\/06\/extensao-50m-650x650.avif 650w, https:\/\/algarvestudiosrentals.pt\/wp-content\/uploads\/2025\/06\/extensao-50m-1300x1300.avif 1300w, https:\/\/algarvestudiosrentals.pt\/wp-content\/uploads\/2025\/06\/extensao-50m-600x600.avif 600w, https:\/\/algarvestudiosrentals.pt\/wp-content\/uploads\/2025\/06\/extensao-50m-100x100.avif 100w, https:\/\/algarvestudiosrentals.pt\/wp-content\/uploads\/2025\/06\/extensao-50m.avif 2000w\" sizes=\"(max-width: 300px) 100vw, 300px\" \/><\/p>","protected":false},"excerpt":{"rendered":"<p><span data-sheets-root=\"1\">A extens\u00e3o el\u00e9trica de 50 metros \u00e9 ideal para uso residencial, comercial ou em produ\u00e7\u00f5es audiovisuais. Com cabo resistente e isolado, proporciona maior alcance e praticidade em ambientes amplos, garantindo conex\u00e3o segura e confi\u00e1vel para seus equipamentos. <\/span><\/p>","protected":false},"featured_media":3728,"comment_status":"open","ping_status":"closed","template":"","meta":{"_acf_changed":false,"_mo_disable_npp":""},"product_brand":[],"product_cat":[114,108],"product_tag":[],"class_list":{"0":"post-3727","1":"product","2":"type-product","3":"status-publish","4":"has-post-thumbnail","6":"product_cat-child-extensoes","7":"product_cat-parent-producao","9":"first","10":"instock","11":"sold-individually","12":"taxable","13":"shipping-taxable","14":"purchasable","15":"product-type-phive_booking"},"acf":[],"_links":{"self":[{"href":"https:\/\/algarvestudiosrentals.pt\/en\/wp-json\/wp\/v2\/product\/3727","targetHints":{"allow":["GET"]}}],"collection":[{"href":"https:\/\/algarvestudiosrentals.pt\/en\/wp-json\/wp\/v2\/product"}],"about":[{"href":"https:\/\/algarvestudiosrentals.pt\/en\/wp-json\/wp\/v2\/types\/product"}],"replies":[{"embeddable":true,"href":"https:\/\/algarvestudiosrentals.pt\/en\/wp-json\/wp\/v2\/comments?post=3727"}],"wp:featuredmedia":[{"embeddable":true,"href":"https:\/\/algarvestudiosrentals.pt\/en\/wp-json\/wp\/v2\/media\/3728"}],"wp:attachment":[{"href":"https:\/\/algarvestudiosrentals.pt\/en\/wp-json\/wp\/v2\/media?parent=3727"}],"wp:term":[{"taxonomy":"product_brand","embeddable":true,"href":"https:\/\/algarvestudiosrentals.pt\/en\/wp-json\/wp\/v2\/product_brand?post=3727"},{"taxonomy":"product_cat","embeddable":true,"href":"https:\/\/algarvestudiosrentals.pt\/en\/wp-json\/wp\/v2\/product_cat?post=3727"},{"taxonomy":"product_tag","embeddable":true,"href":"https:\/\/algarvestudiosrentals.pt\/en\/wp-json\/wp\/v2\/product_tag?post=3727"}],"curies":[{"name":"wp","href":"https:\/\/api.w.org\/{rel}","templated":true}]}}